{"id":237,"date":"2023-10-25T14:07:48","date_gmt":"2023-10-25T12:07:48","guid":{"rendered":"https:\/\/kdr-dev.coldlake.de\/?page_id=237"},"modified":"2024-12-20T13:51:06","modified_gmt":"2024-12-20T12:51:06","slug":"info-pflicht-dsgvo","status":"publish","type":"page","link":"https:\/\/kdr-dev.coldlake.de\/index.php\/info-pflicht-dsgvo\/","title":{"rendered":"Info-Pflicht DSGVO"},"content":{"rendered":"\t\t<div data-elementor-type=\"wp-page\" data-elementor-id=\"237\" class=\"elementor elementor-237\">\n\t\t\t\t\t\t<section class=\"elementor-section elementor-top-section elementor-element elementor-element-43d9756d elementor-section-content-middle envato-kit-141-top-0 elementor-section-boxed elementor-section-height-default elementor-section-height-default\" data-id=\"43d9756d\" data-element_type=\"section\" data-settings=\"{&quot;background_background&quot;:&quot;classic&quot;}\">\n\t\t\t\t\t\t\t<div class=\"elementor-background-overlay\"><\/div>\n\t\t\t\t\t\t\t<div class=\"elementor-container elementor-column-gap-wide\">\n\t\t\t\t\t<div class=\"elementor-column elementor-col-100 elementor-top-column elementor-element elementor-element-2689723\" data-id=\"2689723\" data-element_type=\"column\">\n\t\t\t<div class=\"elementor-widget-wrap elementor-element-populated\">\n\t\t\t\t\t\t<div class=\"elementor-element elementor-element-693c86d8 elementor-invisible elementor-widget elementor-widget-heading\" data-id=\"693c86d8\" data-element_type=\"widget\" data-settings=\"{&quot;_animation&quot;:&quot;fadeIn&quot;,&quot;_animation_delay&quot;:100}\" data-widget_type=\"heading.default\">\n\t\t\t\t<div class=\"elementor-widget-container\">\n\t\t\t<style>\/*! elementor - v3.20.0 - 26-03-2024 *\/\n.elementor-heading-title{padding:0;margin:0;line-height:1}.elementor-widget-heading .elementor-heading-title[class*=elementor-size-]>a{color:inherit;font-size:inherit;line-height:inherit}.elementor-widget-heading .elementor-heading-title.elementor-size-small{font-size:15px}.elementor-widget-heading .elementor-heading-title.elementor-size-medium{font-size:19px}.elementor-widget-heading .elementor-heading-title.elementor-size-large{font-size:29px}.elementor-widget-heading .elementor-heading-title.elementor-size-xl{font-size:39px}.elementor-widget-heading .elementor-heading-title.elementor-size-xxl{font-size:59px}<\/style><h2 class=\"elementor-heading-title elementor-size-default\">Informationspflicht gem. DSGVO<\/h2>\t\t<\/div>\n\t\t\t\t<\/div>\n\t\t\t\t<section class=\"elementor-section elementor-inner-section elementor-element elementor-element-684e90b8 elementor-section-boxed elementor-section-height-default elementor-section-height-default\" data-id=\"684e90b8\" data-element_type=\"section\">\n\t\t\t\t\t\t<div class=\"elementor-container elementor-column-gap-no\">\n\t\t\t\t\t<div class=\"elementor-column elementor-col-100 elementor-inner-column elementor-element elementor-element-269b80e6\" data-id=\"269b80e6\" data-element_type=\"column\">\n\t\t\t<div class=\"elementor-widget-wrap elementor-element-populated\">\n\t\t\t\t\t\t<div class=\"elementor-element elementor-element-2fbb93e elementor-widget elementor-widget-spacer\" data-id=\"2fbb93e\" data-element_type=\"widget\" data-widget_type=\"spacer.default\">\n\t\t\t\t<div class=\"elementor-widget-container\">\n\t\t\t<style>\/*! elementor - v3.20.0 - 26-03-2024 *\/\n.elementor-column .elementor-spacer-inner{height:var(--spacer-size)}.e-con{--container-widget-width:100%}.e-con-inner>.elementor-widget-spacer,.e-con>.elementor-widget-spacer{width:var(--container-widget-width,var(--spacer-size));--align-self:var(--container-widget-align-self,initial);--flex-shrink:0}.e-con-inner>.elementor-widget-spacer>.elementor-widget-container,.e-con>.elementor-widget-spacer>.elementor-widget-container{height:100%;width:100%}.e-con-inner>.elementor-widget-spacer>.elementor-widget-container>.elementor-spacer,.e-con>.elementor-widget-spacer>.elementor-widget-container>.elementor-spacer{height:100%}.e-con-inner>.elementor-widget-spacer>.elementor-widget-container>.elementor-spacer>.elementor-spacer-inner,.e-con>.elementor-widget-spacer>.elementor-widget-container>.elementor-spacer>.elementor-spacer-inner{height:var(--container-widget-height,var(--spacer-size))}.e-con-inner>.elementor-widget-spacer.elementor-widget-empty,.e-con>.elementor-widget-spacer.elementor-widget-empty{position:relative;min-height:22px;min-width:22px}.e-con-inner>.elementor-widget-spacer.elementor-widget-empty .elementor-widget-empty-icon,.e-con>.elementor-widget-spacer.elementor-widget-empty .elementor-widget-empty-icon{position:absolute;top:0;bottom:0;left:0;right:0;margin:auto;padding:0;width:22px;height:22px}<\/style>\t\t<div class=\"elementor-spacer\">\n\t\t\t<div class=\"elementor-spacer-inner\"><\/div>\n\t\t<\/div>\n\t\t\t\t<\/div>\n\t\t\t\t<\/div>\n\t\t\t\t<div class=\"elementor-element elementor-element-5464bdb2 elementor-widget elementor-widget-text-editor\" data-id=\"5464bdb2\" data-element_type=\"widget\" data-widget_type=\"text-editor.default\">\n\t\t\t\t<div class=\"elementor-widget-container\">\n\t\t\t<style>\/*! elementor - v3.20.0 - 26-03-2024 *\/\n.elementor-widget-text-editor.elementor-drop-cap-view-stacked .elementor-drop-cap{background-color:#69727d;color:#fff}.elementor-widget-text-editor.elementor-drop-cap-view-framed .elementor-drop-cap{color:#69727d;border:3px solid;background-color:transparent}.elementor-widget-text-editor:not(.elementor-drop-cap-view-default) .elementor-drop-cap{margin-top:8px}.elementor-widget-text-editor:not(.elementor-drop-cap-view-default) .elementor-drop-cap-letter{width:1em;height:1em}.elementor-widget-text-editor .elementor-drop-cap{float:left;text-align:center;line-height:1;font-size:50px}.elementor-widget-text-editor .elementor-drop-cap-letter{display:inline-block}<\/style>\t\t\t\t<p>In unserem Verein werden personenbezogene Daten zur Erf\u00fcllung des Mitgliedschaftsverh\u00e4ltnisses (Vertragserf\u00fcllung) und\/oder zur Wahrnehmung berechtigter Interessen des Vereins verarbeitet.<\/p><p>Seien es die erforderlichen Daten bei der Aufnahme (Beitrittserkl\u00e4rung), dem Sport- und Trainings-betrieb, die Ergebnisse von Wettk\u00e4mpfen, die Teilnehmer- oder Telefonlisten, die Meldung an Dach-\/Fachverb\u00e4nde bis hin zur \u00d6ffentlichkeitsarbeit (Website, Printmedien, u.a.), Redebeitr\u00e4gen in Protokollen\/Versammlungen oder Ehrungen auf einer Mitgliederversammlung.<\/p><h2>\u00a0<\/h2>\t\t\t\t\t\t<\/div>\n\t\t\t\t<\/div>\n\t\t\t\t<div class=\"elementor-element elementor-element-1b68160 elementor-widget elementor-widget-heading\" data-id=\"1b68160\" data-element_type=\"widget\" data-widget_type=\"heading.default\">\n\t\t\t\t<div class=\"elementor-widget-container\">\n\t\t\t<h2 class=\"elementor-heading-title elementor-size-default\">Verein\/Verantwortlicher<\/h2>\t\t<\/div>\n\t\t\t\t<\/div>\n\t\t\t\t<div class=\"elementor-element elementor-element-7a1b149 elementor-widget elementor-widget-text-editor\" data-id=\"7a1b149\" data-element_type=\"widget\" data-widget_type=\"text-editor.default\">\n\t\t\t\t<div class=\"elementor-widget-container\">\n\t\t\t\t\t\t\t<p><b>Karate-Dojo Rotenburg\/F. e.V.<\/b><\/p><p>Volker Sandrock, 1. Vors., Ligusterweg 19, 36205 Sontra-Mitterode<\/p><p>Tel. 05653 919870, Mobil 0172 5615275, Mail: volker.sandrock@karate-rotenburg.de<\/p><p>Tobias Platz, 2. Vors., Zum Plattenweg 1 a, 36199 Rotenburg-Lispenhausen<\/p><p>vertreten nach \u00a7 26 BGB durch:<\/p><p>Volker Sandrock, 1. Vors. | Tobias Platz, 2. Vors.\u00a0\u00a0\u00a0\u00a0\u00a0\u00a0\u00a0\u00a0\u00a0\u00a0\u00a0\u00a0\u00a0\u00a0\u00a0\u00a0\u00a0\u00a0\u00a0\u00a0\u00a0\u00a0\u00a0\u00a0\u00a0\u00a0\u00a0\u00a0\u00a0\u00a0\u00a0\u00a0\u00a0\u00a0\u00a0\u00a0\u00a0\u00a0\u00a0\u00a0\u00a0\u00a0\u00a0\u00a0\u00a0\u00a0\u00a0\u00a0\u00a0\u00a0\u00a0\u00a0\u00a0\u00a0\u00a0\u00a0\u00a0\u00a0\u00a0\u00a0\u00a0\u00a0\u00a0\u00a0\u00a0\u00a0\u00a0\u00a0\u00a0\u00a0\u00a0\u00a0\u00a0\u00a0\u00a0\u00a0\u00a0\u00a0\u00a0\u00a0\u00a0\u00a0\u00a0\u00a0\u00a0\u00a0\u00a0\u00a0\u00a0\u00a0\u00a0\u00a0\u00a0\u00a0\u00a0 | Renate Ermel, 1. Kassenwartin | Alexander Ressler, 2. Kassenwart<\/p><p>Ein Datenschutzbeauftragter wurde nicht beauftragt und ist auch nicht erforderlich.<\/p>\t\t\t\t\t\t<\/div>\n\t\t\t\t<\/div>\n\t\t\t\t<div class=\"elementor-element elementor-element-26420e8 elementor-widget elementor-widget-heading\" data-id=\"26420e8\" data-element_type=\"widget\" data-widget_type=\"heading.default\">\n\t\t\t\t<div class=\"elementor-widget-container\">\n\t\t\t<h2 class=\"elementor-heading-title elementor-size-default\">Zweck der Verarbeitung<\/h2>\t\t<\/div>\n\t\t\t\t<\/div>\n\t\t\t\t<div class=\"elementor-element elementor-element-a033e27 elementor-widget elementor-widget-text-editor\" data-id=\"a033e27\" data-element_type=\"widget\" data-widget_type=\"text-editor.default\">\n\t\t\t\t<div class=\"elementor-widget-container\">\n\t\t\t\t\t\t\t<h3>Mitgliederverwaltung (Verwaltung der Vereinst\u00e4tigkeiten)<\/h3><p>u. a. Sport-\/Trainingsbetrieb, Wettk\u00e4mpfe\/Meisterschaften, Aus-\/Weiterbildung, \u00d6ffentlichkeitsarbeit\/Au\u00dfendarstellung, gemeinschaftliche Veranstaltungen<\/p><p>Name, Anschrift, Kontaktdaten (Telefon, Mobil, Mail), Geburtsdatum, Alter, Geschlecht, Beruf, Eintrittsdatum, Funktion, Lizenzen, Graduierung, Erfolge, Jubil\u00e4um, Ehrung, Ausbildung<\/p><ul><li>bei Beitragserhebung: Bankverbindung, Kontoinhaber<\/li><li>bei Minderj\u00e4hrigen: Daten der Erziehungsberechtigten und\/oder des gesetzlichen Vertreters<\/li><li>bei \u00d6ffentlichkeitsarbeit\/Au\u00dfendarstellung: Foto-\/Filmaufnahmen<\/li><\/ul><h3>Empf\u00e4nger von Daten\/\u00dcbermittlung an Dritte<\/h3><ol><li><p>Interne Zugriffsberechtigung: <br \/>Vorstandsmitglieder, Trainer, \u00dcbungsleiter, Jugendgruppenleiter, Betreuer<\/p><\/li><li>Externe Datenempf\u00e4nger:<ul><li><p>Dach-\/Fachverb\u00e4nde: <br \/>Name, Anschrift, Kontaktdaten, Geburtsdatum, Geschlecht, Funktion, Mitglieds-Nr., Graduierung<\/p><\/li><li><p>Kreditinstitut:<br \/>Name, Bankverbindung, Beitrag, Mitglieds-Nr.<\/p><\/li><li><p>Presse\/Website:<br \/>Name, Alter, Wohnort, Foto-\/Filmaufnahmen, Graduierung, Erfolge, Ehrungen, Jubil\u00e4en, Funktionen<\/p><\/li><li><p>Landkreis\/Stadt:<br \/>Name, Alter, Erfolge (bei Antr\u00e4gen auf Zusch\u00fcsse)<\/p><\/li><li><p>Beh\u00f6rden (FA, AG):<br \/>Jahresabschlussunterlagen, Jahresbericht<\/p><\/li><\/ul><\/li><\/ol><p>\u00dcbermittlung von personenbezogenen Daten an ein Drittland oder eine internationale Organisation findet nicht statt und ist auch nicht geplant.<\/p><h3>L\u00f6schung<\/h3><ul><li>EDV\/PC:<br \/>l\u00f6schen mit Ausscheiden aus dem Verein (zum 31.12.), sp\u00e4testens zwei Jahre nach Beendigung der Mitgliedschaft<\/li><li>Papierform:<br \/>schreddern\/vernichten unmittelbar nach dem Ausscheiden aus dem Verein<\/li><li>Fotos auf HP:<br \/>unverz\u00fcglich, wenn Einwilligung widerrufen wird<\/li><li>Beitragsverwaltung:<br \/>10 Jahre nach Beendigung der Mitgliedschaft (gesetzliche Aufbewahrungsfrist)<\/li><\/ul><p>Personenbezogene Daten werden f\u00fcr die Dauer der Mitgliedschaft gespeichert.<\/p><p>Mit Beendigung der Mitgliedschaft werden die Datenkategorien gem\u00e4\u00df den gesetzlichen Aufbe-wahrungszeiten weitere zehn Jahre vorgehalten und dann gel\u00f6scht\/vernichtet.<\/p><p>In der Zeit zwischen Beendigung der Mitgliedschaft und L\u00f6schung\/Vernichtung ist die Verarbeitung dieser Daten eingeschr\u00e4nkt.<\/p><p>Bestimmte Datenkategorien (z. B. Name, Erfolge, Funktionen) werden zum Zweck der Vereins-chronik im Vereinsarchiv gespeichert. Der Speicherung liegt ein berechtigtes Interesse des Vereins zugrunde.<\/p><h3>Betroffenenrechte<\/h3><p>Betroffene Personen haben auf Antrag das Recht auf Auskunft, Berichtigung, L\u00f6schung, Einschr\u00e4nkung der Verarbeitung, Daten\u00fcbertragbarkeit sowie Widerspruch.<\/p><p>Eine erteilte Einwilligung kann jederzeit schriftlich oder in Textform widerrufen werden. Der Widerruf der Einwilligung ber\u00fchrt nicht die Rechtm\u00e4\u00dfigkeit der bis zum Widerruf verarbeitenden Daten.<\/p><h3>Beschwerderecht (zust\u00e4ndige Aufsichtsbeh\u00f6rde):<\/h3><p>Der Hessische Datenschutzbeauftragte, Gustav-Stresemann-Ring 1, 65189 Wiesbaden<\/p>\t\t\t\t\t\t<\/div>\n\t\t\t\t<\/div>\n\t\t\t\t<div class=\"elementor-element elementor-element-7f3adf4 elementor-widget elementor-widget-spacer\" data-id=\"7f3adf4\" data-element_type=\"widget\" data-widget_type=\"spacer.default\">\n\t\t\t\t<div class=\"elementor-widget-container\">\n\t\t\t\t\t<div class=\"elementor-spacer\">\n\t\t\t<div class=\"elementor-spacer-inner\"><\/div>\n\t\t<\/div>\n\t\t\t\t<\/div>\n\t\t\t\t<\/div>\n\t\t\t\t<div class=\"elementor-element elementor-element-35a3eef elementor-widget elementor-widget-text-editor\" data-id=\"35a3eef\" data-element_type=\"widget\" data-widget_type=\"text-editor.default\">\n\t\t\t\t<div class=\"elementor-widget-container\">\n\t\t\t\t\t\t\t<p>Rotenburg\/F., 13.05.2018 \/ 06.02.2023<br \/><b>Karate-Dojo Rotenburg\/F. e.V<\/b><br \/><b>Der Vorstand<\/b><br \/>gez.<br \/>Sandrock | Platz | Ermel | Ressler<\/p>\t\t\t\t\t\t<\/div>\n\t\t\t\t<\/div>\n\t\t\t\t\t<\/div>\n\t\t<\/div>\n\t\t\t\t\t<\/div>\n\t\t<\/section>\n\t\t\t\t\t<\/div>\n\t\t<\/div>\n\t\t\t\t\t<\/div>\n\t\t<\/section>\n\t\t\t\t<\/div>\n\t\t","protected":false},"excerpt":{"rendered":"<p>Informationspflicht gem. DSGVO In unserem Verein werden personenbezogene Daten zur Erf\u00fcllung des Mitgliedschaftsverh\u00e4ltnisses (Vertragserf\u00fcllung) und\/oder zur Wahrnehmung berechtigter Interessen des Vereins verarbeitet. Seien es die erforderlichen Daten bei der Aufnahme [&hellip;]<\/p>\n","protected":false},"author":3,"featured_media":0,"parent":0,"menu_order":0,"comment_status":"closed","ping_status":"closed","template":"","meta":{"_eb_attr":"","ocean_post_layout":"full-screen","ocean_both_sidebars_style":"","ocean_both_sidebars_content_width":0,"ocean_both_sidebars_sidebars_width":0,"ocean_sidebar":"","ocean_second_sidebar":"","ocean_disable_margins":"enable","ocean_add_body_class":"","ocean_shortcode_before_top_bar":"","ocean_shortcode_after_top_bar":"","ocean_shortcode_before_header":"","ocean_shortcode_after_header":"","ocean_has_shortcode":"","ocean_shortcode_after_title":"","ocean_shortcode_before_footer_widgets":"","ocean_shortcode_after_footer_widgets":"","ocean_shortcode_before_footer_bottom":"","ocean_shortcode_after_footer_bottom":"","ocean_display_top_bar":"off","ocean_display_header":"default","ocean_header_style":"","ocean_center_header_left_menu":"","ocean_custom_header_template":"","ocean_custom_logo":0,"ocean_custom_retina_logo":0,"ocean_custom_logo_max_width":0,"ocean_custom_logo_tablet_max_width":0,"ocean_custom_logo_mobile_max_width":0,"ocean_custom_logo_max_height":0,"ocean_custom_logo_tablet_max_height":0,"ocean_custom_logo_mobile_max_height":0,"ocean_header_custom_menu":"","ocean_menu_typo_font_family":"","ocean_menu_typo_font_subset":"","ocean_menu_typo_font_size":0,"ocean_menu_typo_font_size_tablet":0,"ocean_menu_typo_font_size_mobile":0,"ocean_menu_typo_font_size_unit":"px","ocean_menu_typo_font_weight":"","ocean_menu_typo_font_weight_tablet":"","ocean_menu_typo_font_weight_mobile":"","ocean_menu_typo_transform":"","ocean_menu_typo_transform_tablet":"","ocean_menu_typo_transform_mobile":"","ocean_menu_typo_line_height":0,"ocean_menu_typo_line_height_tablet":0,"ocean_menu_typo_line_height_mobile":0,"ocean_menu_typo_line_height_unit":"","ocean_menu_typo_spacing":0,"ocean_menu_typo_spacing_tablet":0,"ocean_menu_typo_spacing_mobile":0,"ocean_menu_typo_spacing_unit":"","ocean_menu_link_color":"","ocean_menu_link_color_hover":"","ocean_menu_link_color_active":"","ocean_menu_link_background":"","ocean_menu_link_hover_background":"","ocean_menu_link_active_background":"","ocean_menu_social_links_bg":"","ocean_menu_social_hover_links_bg":"","ocean_menu_social_links_color":"","ocean_menu_social_hover_links_color":"","ocean_disable_title":"on","ocean_disable_heading":"default","ocean_post_title":"","ocean_post_subheading":"","ocean_post_title_style":"","ocean_post_title_background_color":"","ocean_post_title_background":0,"ocean_post_title_bg_image_position":"","ocean_post_title_bg_image_attachment":"","ocean_post_title_bg_image_repeat":"","ocean_post_title_bg_image_size":"","ocean_post_title_height":0,"ocean_post_title_bg_overlay":0.5,"ocean_post_title_bg_overlay_color":"","ocean_disable_breadcrumbs":"default","ocean_breadcrumbs_color":"","ocean_breadcrumbs_separator_color":"","ocean_breadcrumbs_links_color":"","ocean_breadcrumbs_links_hover_color":"","ocean_display_footer_widgets":"off","ocean_display_footer_bottom":"off","ocean_custom_footer_template":"","footnotes":""},"_links":{"self":[{"href":"https:\/\/kdr-dev.coldlake.de\/index.php\/wp-json\/wp\/v2\/pages\/237"}],"collection":[{"href":"https:\/\/kdr-dev.coldlake.de\/index.php\/wp-json\/wp\/v2\/pages"}],"about":[{"href":"https:\/\/kdr-dev.coldlake.de\/index.php\/wp-json\/wp\/v2\/types\/page"}],"author":[{"embeddable":true,"href":"https:\/\/kdr-dev.coldlake.de\/index.php\/wp-json\/wp\/v2\/users\/3"}],"replies":[{"embeddable":true,"href":"https:\/\/kdr-dev.coldlake.de\/index.php\/wp-json\/wp\/v2\/comments?post=237"}],"version-history":[{"count":7,"href":"https:\/\/kdr-dev.coldlake.de\/index.php\/wp-json\/wp\/v2\/pages\/237\/revisions"}],"predecessor-version":[{"id":1319,"href":"https:\/\/kdr-dev.coldlake.de\/index.php\/wp-json\/wp\/v2\/pages\/237\/revisions\/1319"}],"wp:attachment":[{"href":"https:\/\/kdr-dev.coldlake.de\/index.php\/wp-json\/wp\/v2\/media?parent=237"}],"curies":[{"name":"wp","href":"https:\/\/api.w.org\/{rel}","templated":true}]}}