{"id":229,"date":"2023-10-25T14:04:43","date_gmt":"2023-10-25T12:04:43","guid":{"rendered":"https:\/\/kdr-dev.coldlake.de\/?page_id=229"},"modified":"2024-04-07T14:28:13","modified_gmt":"2024-04-07T12:28:13","slug":"kinder-karate","status":"publish","type":"page","link":"https:\/\/kdr-dev.coldlake.de\/index.php\/kinder-karate\/","title":{"rendered":"Kinder Karate"},"content":{"rendered":"\t\t<div data-elementor-type=\"wp-page\" data-elementor-id=\"229\" class=\"elementor elementor-229\">\n\t\t\t\t<div class=\"elementor-element elementor-element-38014f0 e-flex e-con-boxed e-con e-parent\" data-id=\"38014f0\" data-element_type=\"container\" data-settings=\"{&quot;background_background&quot;:&quot;classic&quot;}\" data-core-v316-plus=\"true\">\n\t\t\t\t\t<div class=\"e-con-inner\">\n\t\t<div class=\"elementor-element elementor-element-f40cb42 e-con-full e-flex e-con e-child\" data-id=\"f40cb42\" data-element_type=\"container\">\n\t\t\t\t<div class=\"elementor-element elementor-element-3a19ba2 animated-slow elementor-invisible elementor-widget elementor-widget-heading\" data-id=\"3a19ba2\" data-element_type=\"widget\" data-settings=\"{&quot;_animation&quot;:&quot;fadeInUp&quot;,&quot;_animation_delay&quot;:100}\" data-widget_type=\"heading.default\">\n\t\t\t\t<div class=\"elementor-widget-container\">\n\t\t\t<style>\/*! elementor - v3.20.0 - 26-03-2024 *\/\n.elementor-heading-title{padding:0;margin:0;line-height:1}.elementor-widget-heading .elementor-heading-title[class*=elementor-size-]>a{color:inherit;font-size:inherit;line-height:inherit}.elementor-widget-heading .elementor-heading-title.elementor-size-small{font-size:15px}.elementor-widget-heading .elementor-heading-title.elementor-size-medium{font-size:19px}.elementor-widget-heading .elementor-heading-title.elementor-size-large{font-size:29px}.elementor-widget-heading .elementor-heading-title.elementor-size-xl{font-size:39px}.elementor-widget-heading .elementor-heading-title.elementor-size-xxl{font-size:59px}<\/style><h3 class=\"elementor-heading-title elementor-size-default\">Kinder (8 - 13 Jahre)<\/h3>\t\t<\/div>\n\t\t\t\t<\/div>\n\t\t\t\t<div class=\"elementor-element elementor-element-3b60e13 animated-slow elementor-invisible elementor-widget elementor-widget-heading\" data-id=\"3b60e13\" data-element_type=\"widget\" data-settings=\"{&quot;_animation&quot;:&quot;fadeInUp&quot;}\" data-widget_type=\"heading.default\">\n\t\t\t\t<div class=\"elementor-widget-container\">\n\t\t\t<h5 class=\"elementor-heading-title elementor-size-default\">Fr\u00fch \u00fcbt sich, wer ein Meister werden will.<\/h5>\t\t<\/div>\n\t\t\t\t<\/div>\n\t\t\t\t<div class=\"elementor-element elementor-element-df4a69d elementor-widget elementor-widget-heading\" data-id=\"df4a69d\" data-element_type=\"widget\" data-widget_type=\"heading.default\">\n\t\t\t\t<div class=\"elementor-widget-container\">\n\t\t\t<h2 class=\"elementor-heading-title elementor-size-default\">Konzentration - Disziplin - Fairplay - Fun<\/h2>\t\t<\/div>\n\t\t\t\t<\/div>\n\t\t\t\t<div class=\"elementor-element elementor-element-1a71d80 elementor-invisible elementor-widget elementor-widget-text-editor\" data-id=\"1a71d80\" data-element_type=\"widget\" data-settings=\"{&quot;_animation&quot;:&quot;fadeIn&quot;}\" data-widget_type=\"text-editor.default\">\n\t\t\t\t<div class=\"elementor-widget-container\">\n\t\t\t<style>\/*! elementor - v3.20.0 - 26-03-2024 *\/\n.elementor-widget-text-editor.elementor-drop-cap-view-stacked .elementor-drop-cap{background-color:#69727d;color:#fff}.elementor-widget-text-editor.elementor-drop-cap-view-framed .elementor-drop-cap{color:#69727d;border:3px solid;background-color:transparent}.elementor-widget-text-editor:not(.elementor-drop-cap-view-default) .elementor-drop-cap{margin-top:8px}.elementor-widget-text-editor:not(.elementor-drop-cap-view-default) .elementor-drop-cap-letter{width:1em;height:1em}.elementor-widget-text-editor .elementor-drop-cap{float:left;text-align:center;line-height:1;font-size:50px}.elementor-widget-text-editor .elementor-drop-cap-letter{display:inline-block}<\/style>\t\t\t\t<p>Wir bieten:<\/p><ul><li>Kameradschaft und Zusammenhalt durch Karate<\/li><li>Fairness im Sport = Fairness im Alltag<\/li><li>Soziales Verhalten durch Karate<\/li><li>Identit\u00e4tsbildung, Selbstbewusstsein durch Karate<\/li><li>Gemeinschaft durch Karate<\/li><li>Toleranz statt Gewalt<\/li><li>Problembew\u00e4ltigung auf anderen Wegen<\/li><li>Sinnvolle Freizeitgestaltung durch Karate<\/li><li>Ausgleich der Defizite des Schulsports<\/li><\/ul><p>Unser Kindertraining dient der Ert\u00fcchtigung des ganzen K\u00f6rpers und der Weiterentwicklung des Charakters. Im Training werden Kinder besonders in ihren motorischen F\u00e4higkeiten geschult. Das Training besteht aus vielf\u00e4ltigen Gymnastik\u00fcbungen, dem Erlernen der Karate-Grundtechniken, der Technikschulung sowie dem dazu n\u00f6tigen Kraft- und Konditionstraining.<\/p><p>Wegen der Vielseitigkeit dieser Sportart werden neben dem kontrollierten Auslassen von \u00fcbersch\u00fcssigen Energien au\u00dferdem Achtung und R\u00fccksicht gegen\u00fcber den Trainingspartnern vermittelt.<\/p><p>Weiterhin werden neben der Verbesserung der Geschicklichkeit, der Gelenkigkeit und der Schnellkraft im Karate insbesondere die geistigen F\u00e4higkeiten ausgebildet, wie z.B. Konzentrationsf\u00e4higkeit, Willensst\u00e4rke, Selbstvertrauen, Ausgeglichenheit und Verantwortung.<\/p><p>F\u00fcr seine erfolgreiche Kinder- und Jugendarbeit wurde das Karate-Dojo Rotenburg\/F. e.V. als einer der besten Sportvereine im Landkreis Hersfeld-Rotenburg im Bereich der Jugendarbeit bereits zweimal ausgezeichnet.<\/p><p>Wichtig ist jedoch, dass die Kinder selbst den Wunsch \u00e4u\u00dfern und Karate lernen m\u00f6chten.<\/p>\t\t\t\t\t\t<\/div>\n\t\t\t\t<\/div>\n\t\t\t\t<div class=\"elementor-element elementor-element-cf79fb4 elementor-widget elementor-widget-text-editor\" data-id=\"cf79fb4\" data-element_type=\"widget\" data-widget_type=\"text-editor.default\">\n\t\t\t\t<div class=\"elementor-widget-container\">\n\t\t\t\t\t\t\t<p>Noch Fragen?<\/p>\t\t\t\t\t\t<\/div>\n\t\t\t\t<\/div>\n\t\t\t\t<div class=\"elementor-element elementor-element-0e88020 elementor-mobile-align-center elementor-align-left elementor-tablet-align-center elementor-invisible elementor-widget elementor-widget-button\" data-id=\"0e88020\" data-element_type=\"widget\" data-settings=\"{&quot;_animation&quot;:&quot;fadeInUp&quot;}\" data-widget_type=\"button.default\">\n\t\t\t\t<div class=\"elementor-widget-container\">\n\t\t\t\t\t<div class=\"elementor-button-wrapper\">\n\t\t\t<a class=\"elementor-button elementor-button-link elementor-size-sm\" href=\"https:\/\/kdr-dev.coldlake.de\/index.php\/kontakt\/\">\n\t\t\t\t\t\t<span class=\"elementor-button-content-wrapper\">\n\t\t\t\t\t\t<span class=\"elementor-button-text\">Kontakt<\/span>\n\t\t<\/span>\n\t\t\t\t\t<\/a>\n\t\t<\/div>\n\t\t\t\t<\/div>\n\t\t\t\t<\/div>\n\t\t\t\t<\/div>\n\t\t<div class=\"elementor-element elementor-element-61fe838 e-con-full e-flex e-con e-child\" data-id=\"61fe838\" data-element_type=\"container\">\n\t\t\t\t<div class=\"elementor-element elementor-element-12cf9ca elementor-widget elementor-widget-image\" data-id=\"12cf9ca\" data-element_type=\"widget\" data-widget_type=\"image.default\">\n\t\t\t\t<div class=\"elementor-widget-container\">\n\t\t\t<style>\/*! elementor - v3.20.0 - 26-03-2024 *\/\n.elementor-widget-image{text-align:center}.elementor-widget-image a{display:inline-block}.elementor-widget-image a img[src$=\".svg\"]{width:48px}.elementor-widget-image img{vertical-align:middle;display:inline-block}<\/style>\t\t\t\t\t\t\t\t\t\t<img fetchpriority=\"high\" decoding=\"async\" width=\"300\" height=\"449\" src=\"https:\/\/kdr-dev.coldlake.de\/wp-content\/uploads\/2024\/01\/Kinder.jpg\" class=\"attachment-large size-large wp-image-295\" alt=\"\" srcset=\"https:\/\/kdr-dev.coldlake.de\/wp-content\/uploads\/2024\/01\/Kinder.jpg 300w, https:\/\/kdr-dev.coldlake.de\/wp-content\/uploads\/2024\/01\/Kinder-200x300.jpg 200w\" sizes=\"(max-width: 300px) 100vw, 300px\" \/>\t\t\t\t\t\t\t\t\t\t\t\t\t<\/div>\n\t\t\t\t<\/div>\n\t\t\t\t<div class=\"elementor-element elementor-element-afdd7db elementor-widget elementor-widget-image\" data-id=\"afdd7db\" data-element_type=\"widget\" data-widget_type=\"image.default\">\n\t\t\t\t<div class=\"elementor-widget-container\">\n\t\t\t\t\t\t\t\t\t\t\t\t\t<img decoding=\"async\" width=\"297\" height=\"394\" src=\"https:\/\/kdr-dev.coldlake.de\/wp-content\/uploads\/2024\/01\/Kinder-Training-e1705162590174.jpg\" class=\"attachment-large size-large wp-image-297\" alt=\"\" srcset=\"https:\/\/kdr-dev.coldlake.de\/wp-content\/uploads\/2024\/01\/Kinder-Training-e1705162590174.jpg 297w, https:\/\/kdr-dev.coldlake.de\/wp-content\/uploads\/2024\/01\/Kinder-Training-e1705162590174-226x300.jpg 226w\" sizes=\"(max-width: 297px) 100vw, 297px\" \/>\t\t\t\t\t\t\t\t\t\t\t\t\t<\/div>\n\t\t\t\t<\/div>\n\t\t\t\t<\/div>\n\t\t\t\t\t<\/div>\n\t\t\t\t<\/div>\n\t\t\t\t<\/div>\n\t\t","protected":false},"excerpt":{"rendered":"<p>Kinder (8 &#8211; 13 Jahre) Fr\u00fch \u00fcbt sich, wer ein Meister werden will. Konzentration &#8211; Disziplin &#8211; Fairplay &#8211; Fun Wir bieten: Kameradschaft und Zusammenhalt durch Karate Fairness im Sport [&hellip;]<\/p>\n","protected":false},"author":3,"featured_media":0,"parent":0,"menu_order":0,"comment_status":"closed","ping_status":"closed","template":"","meta":{"_eb_attr":"","ocean_post_layout":"full-screen","ocean_both_sidebars_style":"","ocean_both_sidebars_content_width":0,"ocean_both_sidebars_sidebars_width":0,"ocean_sidebar":"","ocean_second_sidebar":"","ocean_disable_margins":"enable","ocean_add_body_class":"","ocean_shortcode_before_top_bar":"","ocean_shortcode_after_top_bar":"","ocean_shortcode_before_header":"","ocean_shortcode_after_header":"","ocean_has_shortcode":"","ocean_shortcode_after_title":"","ocean_shortcode_before_footer_widgets":"","ocean_shortcode_after_footer_widgets":"","ocean_shortcode_before_footer_bottom":"","ocean_shortcode_after_footer_bottom":"","ocean_display_top_bar":"off","ocean_display_header":"default","ocean_header_style":"","ocean_center_header_left_menu":"","ocean_custom_header_template":"","ocean_custom_logo":0,"ocean_custom_retina_logo":0,"ocean_custom_logo_max_width":0,"ocean_custom_logo_tablet_max_width":0,"ocean_custom_logo_mobile_max_width":0,"ocean_custom_logo_max_height":0,"ocean_custom_logo_tablet_max_height":0,"ocean_custom_logo_mobile_max_height":0,"ocean_header_custom_menu":"","ocean_menu_typo_font_family":"","ocean_menu_typo_font_subset":"","ocean_menu_typo_font_size":0,"ocean_menu_typo_font_size_tablet":0,"ocean_menu_typo_font_size_mobile":0,"ocean_menu_typo_font_size_unit":"px","ocean_menu_typo_font_weight":"","ocean_menu_typo_font_weight_tablet":"","ocean_menu_typo_font_weight_mobile":"","ocean_menu_typo_transform":"","ocean_menu_typo_transform_tablet":"","ocean_menu_typo_transform_mobile":"","ocean_menu_typo_line_height":0,"ocean_menu_typo_line_height_tablet":0,"ocean_menu_typo_line_height_mobile":0,"ocean_menu_typo_line_height_unit":"","ocean_menu_typo_spacing":0,"ocean_menu_typo_spacing_tablet":0,"ocean_menu_typo_spacing_mobile":0,"ocean_menu_typo_spacing_unit":"","ocean_menu_link_color":"","ocean_menu_link_color_hover":"","ocean_menu_link_color_active":"","ocean_menu_link_background":"","ocean_menu_link_hover_background":"","ocean_menu_link_active_background":"","ocean_menu_social_links_bg":"","ocean_menu_social_hover_links_bg":"","ocean_menu_social_links_color":"","ocean_menu_social_hover_links_color":"","ocean_disable_title":"on","ocean_disable_heading":"default","ocean_post_title":"","ocean_post_subheading":"","ocean_post_title_style":"","ocean_post_title_background_color":"","ocean_post_title_background":0,"ocean_post_title_bg_image_position":"","ocean_post_title_bg_image_attachment":"","ocean_post_title_bg_image_repeat":"","ocean_post_title_bg_image_size":"","ocean_post_title_height":0,"ocean_post_title_bg_overlay":0.5,"ocean_post_title_bg_overlay_color":"","ocean_disable_breadcrumbs":"default","ocean_breadcrumbs_color":"","ocean_breadcrumbs_separator_color":"","ocean_breadcrumbs_links_color":"","ocean_breadcrumbs_links_hover_color":"","ocean_display_footer_widgets":"off","ocean_display_footer_bottom":"off","ocean_custom_footer_template":"","footnotes":""},"_links":{"self":[{"href":"https:\/\/kdr-dev.coldlake.de\/index.php\/wp-json\/wp\/v2\/pages\/229"}],"collection":[{"href":"https:\/\/kdr-dev.coldlake.de\/index.php\/wp-json\/wp\/v2\/pages"}],"about":[{"href":"https:\/\/kdr-dev.coldlake.de\/index.php\/wp-json\/wp\/v2\/types\/page"}],"author":[{"embeddable":true,"href":"https:\/\/kdr-dev.coldlake.de\/index.php\/wp-json\/wp\/v2\/users\/3"}],"replies":[{"embeddable":true,"href":"https:\/\/kdr-dev.coldlake.de\/index.php\/wp-json\/wp\/v2\/comments?post=229"}],"version-history":[{"count":10,"href":"https:\/\/kdr-dev.coldlake.de\/index.php\/wp-json\/wp\/v2\/pages\/229\/revisions"}],"predecessor-version":[{"id":527,"href":"https:\/\/kdr-dev.coldlake.de\/index.php\/wp-json\/wp\/v2\/pages\/229\/revisions\/527"}],"wp:attachment":[{"href":"https:\/\/kdr-dev.coldlake.de\/index.php\/wp-json\/wp\/v2\/media?parent=229"}],"curies":[{"name":"wp","href":"https:\/\/api.w.org\/{rel}","templated":true}]}}