{"id":227,"date":"2023-10-25T14:04:18","date_gmt":"2023-10-25T12:04:18","guid":{"rendered":"https:\/\/kdr-dev.coldlake.de\/?page_id=227"},"modified":"2024-04-07T14:27:47","modified_gmt":"2024-04-07T12:27:47","slug":"infos-allgemein","status":"publish","type":"page","link":"https:\/\/kdr-dev.coldlake.de\/index.php\/infos-allgemein\/","title":{"rendered":"Infos allgemein"},"content":{"rendered":"\t\t<div data-elementor-type=\"wp-page\" data-elementor-id=\"227\" class=\"elementor elementor-227\">\n\t\t\t\t<div class=\"elementor-element elementor-element-e8bbb4f e-flex e-con-boxed e-con e-parent\" data-id=\"e8bbb4f\" data-element_type=\"container\" data-settings=\"{&quot;background_background&quot;:&quot;classic&quot;}\" data-core-v316-plus=\"true\">\n\t\t\t\t\t<div class=\"e-con-inner\">\n\t\t<div class=\"elementor-element elementor-element-33af3fb e-con-full e-flex e-con e-child\" data-id=\"33af3fb\" data-element_type=\"container\">\n\t\t\t\t<div class=\"elementor-element elementor-element-af83294 animated-slow elementor-invisible elementor-widget elementor-widget-heading\" data-id=\"af83294\" data-element_type=\"widget\" data-settings=\"{&quot;_animation&quot;:&quot;fadeInUp&quot;,&quot;_animation_delay&quot;:100}\" data-widget_type=\"heading.default\">\n\t\t\t\t<div class=\"elementor-widget-container\">\n\t\t\t<style>\/*! elementor - v3.20.0 - 26-03-2024 *\/\n.elementor-heading-title{padding:0;margin:0;line-height:1}.elementor-widget-heading .elementor-heading-title[class*=elementor-size-]>a{color:inherit;font-size:inherit;line-height:inherit}.elementor-widget-heading .elementor-heading-title.elementor-size-small{font-size:15px}.elementor-widget-heading .elementor-heading-title.elementor-size-medium{font-size:19px}.elementor-widget-heading .elementor-heading-title.elementor-size-large{font-size:29px}.elementor-widget-heading .elementor-heading-title.elementor-size-xl{font-size:39px}.elementor-widget-heading .elementor-heading-title.elementor-size-xxl{font-size:59px}<\/style><h3 class=\"elementor-heading-title elementor-size-default\">Karate<\/h3>\t\t<\/div>\n\t\t\t\t<\/div>\n\t\t\t\t<div class=\"elementor-element elementor-element-22b0b89 elementor-invisible elementor-widget elementor-widget-text-editor\" data-id=\"22b0b89\" data-element_type=\"widget\" data-settings=\"{&quot;_animation&quot;:&quot;fadeIn&quot;}\" data-widget_type=\"text-editor.default\">\n\t\t\t\t<div class=\"elementor-widget-container\">\n\t\t\t<style>\/*! elementor - v3.20.0 - 26-03-2024 *\/\n.elementor-widget-text-editor.elementor-drop-cap-view-stacked .elementor-drop-cap{background-color:#69727d;color:#fff}.elementor-widget-text-editor.elementor-drop-cap-view-framed .elementor-drop-cap{color:#69727d;border:3px solid;background-color:transparent}.elementor-widget-text-editor:not(.elementor-drop-cap-view-default) .elementor-drop-cap{margin-top:8px}.elementor-widget-text-editor:not(.elementor-drop-cap-view-default) .elementor-drop-cap-letter{width:1em;height:1em}.elementor-widget-text-editor .elementor-drop-cap{float:left;text-align:center;line-height:1;font-size:50px}.elementor-widget-text-editor .elementor-drop-cap-letter{display:inline-block}<\/style>\t\t\t\t<p>Plane etwas Zeit ein und komm einfach zum kostenlosen und unverbindlichen Probetraining in die Albert-Schweitzer-Schule (Grundschule), Breitinger Kirchweg 6, 36199 Rotenburg\/F. und trainiere den Weg zur Selbstverteidigung.Die Schule befindet sich gegen\u00fcber vom Hallenbad. Parkpl\u00e4tze befinden sich direkt vor der Eingangst\u00fcr.<\/p><p>Freunde und Bekannte k\u00f6nnen selbstverst\u00e4ndlich auch mitmachen. \u201cGeteilte Freude ist doppelte Freude!\u201d<\/p><p>Karate ist f\u00fcr jede Altersklasse, f\u00fcr Trainierte und Untrainierte, geeignet.<\/p><p>Unserer Verein bietet den Kindern, Jugendlichen und Erwachsenen von Rotenburg\/F. und Umgebung ein interessantes Sport- und Freizeitangebot und f\u00fchrt Menschen zusammen. Jeder kann in zumutbarer Entfernung von seinem Wohnort in unserem Verein seine sportliche und gesellschaftliche Heimat finden. Du bist als Teilnehmer jederzeit herzlich willkommen, denn unser Verein und seine Trainer wollen Karate vielen Menschen zug\u00e4nglich machen und durch Leistung \u00fcberzeugen.<\/p><p>Eingeschr\u00e4nktes und unverbindliches Probetraining im Gruppenunterricht ist kostenfrei (4 Trainingseinheiten).<\/p><p>F\u00fcr die Teilnahme am Anf\u00e4ngerkurs (ca. 22 Trainingseinheiten) wird eine Teilnahmegeb\u00fchr erhoben. Der Kurs endet mit einer vereinsinternen G\u00fcrtelpr\u00fcfung am Jahresende. Danach besteht die M\u00f6glichkeit, Mitglied im Verein zu werden und das Erlernte zu vertiefen und weiterzuentwickeln.<\/p><p>Das Karate-Dojo Rotenburg\/F. e.V. bietet jedem eine fundierte Ausbildung im traditionellen Karate.<\/p><p>Allgemeine Trainingsvoraussetzungen sind:<\/p><ul><li>der Wunsch nach k\u00f6rperlicher Bet\u00e4tigung<\/li><li>allgemeine Gesundheit \/ Sporttauglichkeit<\/li><\/ul><p>Bei akuten Krankheiten (z.B. Asthma) empfehlen wir, vor Beginn des Karatekurses einen Arzt zu konsultieren.<\/p><p>Bedenke: Selbstsichere Menschen sind selten Opfer einer Aggression. Dem Karatetreibenden gen\u00fcgt es zu wissen, dass eine fl\u00fcssige und geschickte Karatetechnik, im Training vielfach ge\u00fcbt, auch eine hinreichende Sicherheit im Ernstfall ist.<\/p><p>Mitzubringen sind: Sport-\/Trainingsbekleidung (keine Turnschuhe), Badelatschen, Dusch-\/ Waschzeug, Handtuch, F\u00f6hn, Gute Laune, Spa\u00df am Sport.<\/p><p>Das Training wird von Volker Sandrock, 5. Dan, DOSB-Lizenz als B-Trainer (Selbstverteidigung), Ausbilder und Bundespr\u00fcfer sowie Bundeskampfrichter im Deutschen JKA-Karate Bund e.V. (Fachverband f\u00fcr traditionelles Karate) sowie weiteren, vom Verein beauftragten, erfahrenen und kompetenten Personen, geleitet.<\/p>\t\t\t\t\t\t<\/div>\n\t\t\t\t<\/div>\n\t\t\t\t<div class=\"elementor-element elementor-element-d709bd8 elementor-widget elementor-widget-text-editor\" data-id=\"d709bd8\" data-element_type=\"widget\" data-widget_type=\"text-editor.default\">\n\t\t\t\t<div class=\"elementor-widget-container\">\n\t\t\t\t\t\t\t<p>Noch Fragen?<\/p>\t\t\t\t\t\t<\/div>\n\t\t\t\t<\/div>\n\t\t\t\t<div class=\"elementor-element elementor-element-907fbb9 elementor-mobile-align-center elementor-align-left elementor-tablet-align-center elementor-invisible elementor-widget elementor-widget-button\" data-id=\"907fbb9\" data-element_type=\"widget\" data-settings=\"{&quot;_animation&quot;:&quot;fadeInUp&quot;}\" data-widget_type=\"button.default\">\n\t\t\t\t<div class=\"elementor-widget-container\">\n\t\t\t\t\t<div class=\"elementor-button-wrapper\">\n\t\t\t<a class=\"elementor-button elementor-button-link elementor-size-sm\" href=\"https:\/\/kdr-dev.coldlake.de\/index.php\/kontakt\/\">\n\t\t\t\t\t\t<span class=\"elementor-button-content-wrapper\">\n\t\t\t\t\t\t<span class=\"elementor-button-text\">Kontakt<\/span>\n\t\t<\/span>\n\t\t\t\t\t<\/a>\n\t\t<\/div>\n\t\t\t\t<\/div>\n\t\t\t\t<\/div>\n\t\t\t\t<\/div>\n\t\t<div class=\"elementor-element elementor-element-6ee366c e-con-full e-flex e-con e-child\" data-id=\"6ee366c\" data-element_type=\"container\">\n\t\t\t\t<div class=\"elementor-element elementor-element-d5b7688 elementor-widget elementor-widget-image\" data-id=\"d5b7688\" data-element_type=\"widget\" data-widget_type=\"image.default\">\n\t\t\t\t<div class=\"elementor-widget-container\">\n\t\t\t<style>\/*! elementor - v3.20.0 - 26-03-2024 *\/\n.elementor-widget-image{text-align:center}.elementor-widget-image a{display:inline-block}.elementor-widget-image a img[src$=\".svg\"]{width:48px}.elementor-widget-image img{vertical-align:middle;display:inline-block}<\/style>\t\t\t\t\t\t\t\t\t\t<img decoding=\"async\" width=\"300\" height=\"157\" src=\"https:\/\/kdr-dev.coldlake.de\/wp-content\/uploads\/2024\/01\/Allgemein-1-e1705164290105.jpg\" class=\"attachment-large size-large wp-image-312\" alt=\"\" \/>\t\t\t\t\t\t\t\t\t\t\t\t\t<\/div>\n\t\t\t\t<\/div>\n\t\t\t\t<div class=\"elementor-element elementor-element-4cab8f3 elementor-widget elementor-widget-image\" data-id=\"4cab8f3\" data-element_type=\"widget\" data-widget_type=\"image.default\">\n\t\t\t\t<div class=\"elementor-widget-container\">\n\t\t\t\t\t\t\t\t\t\t\t\t\t<img fetchpriority=\"high\" decoding=\"async\" width=\"300\" height=\"200\" src=\"https:\/\/kdr-dev.coldlake.de\/wp-content\/uploads\/2024\/01\/Allgemein-2.jpg\" class=\"attachment-large size-large wp-image-313\" alt=\"\" \/>\t\t\t\t\t\t\t\t\t\t\t\t\t<\/div>\n\t\t\t\t<\/div>\n\t\t\t\t<div class=\"elementor-element elementor-element-d744045 elementor-widget elementor-widget-image\" data-id=\"d744045\" data-element_type=\"widget\" data-widget_type=\"image.default\">\n\t\t\t\t<div class=\"elementor-widget-container\">\n\t\t\t\t\t\t\t\t\t\t\t\t\t<img decoding=\"async\" width=\"300\" height=\"200\" src=\"https:\/\/kdr-dev.coldlake.de\/wp-content\/uploads\/2024\/01\/Allgemein-3.jpg\" class=\"attachment-large size-large wp-image-314\" alt=\"\" \/>\t\t\t\t\t\t\t\t\t\t\t\t\t<\/div>\n\t\t\t\t<\/div>\n\t\t\t\t<\/div>\n\t\t\t\t\t<\/div>\n\t\t\t\t<\/div>\n\t\t\t\t<\/div>\n\t\t","protected":false},"excerpt":{"rendered":"<p>Karate Plane etwas Zeit ein und komm einfach zum kostenlosen und unverbindlichen Probetraining in die Albert-Schweitzer-Schule (Grundschule), Breitinger Kirchweg 6, 36199 Rotenburg\/F. und trainiere den Weg zur Selbstverteidigung.Die Schule befindet [&hellip;]<\/p>\n","protected":false},"author":3,"featured_media":0,"parent":0,"menu_order":0,"comment_status":"closed","ping_status":"closed","template":"","meta":{"_eb_attr":"","ocean_post_layout":"full-screen","ocean_both_sidebars_style":"","ocean_both_sidebars_content_width":0,"ocean_both_sidebars_sidebars_width":0,"ocean_sidebar":"","ocean_second_sidebar":"","ocean_disable_margins":"enable","ocean_add_body_class":"","ocean_shortcode_before_top_bar":"","ocean_shortcode_after_top_bar":"","ocean_shortcode_before_header":"","ocean_shortcode_after_header":"","ocean_has_shortcode":"","ocean_shortcode_after_title":"","ocean_shortcode_before_footer_widgets":"","ocean_shortcode_after_footer_widgets":"","ocean_shortcode_before_footer_bottom":"","ocean_shortcode_after_footer_bottom":"","ocean_display_top_bar":"off","ocean_display_header":"default","ocean_header_style":"","ocean_center_header_left_menu":"","ocean_custom_header_template":"","ocean_custom_logo":0,"ocean_custom_retina_logo":0,"ocean_custom_logo_max_width":0,"ocean_custom_logo_tablet_max_width":0,"ocean_custom_logo_mobile_max_width":0,"ocean_custom_logo_max_height":0,"ocean_custom_logo_tablet_max_height":0,"ocean_custom_logo_mobile_max_height":0,"ocean_header_custom_menu":"","ocean_menu_typo_font_family":"","ocean_menu_typo_font_subset":"","ocean_menu_typo_font_size":0,"ocean_menu_typo_font_size_tablet":0,"ocean_menu_typo_font_size_mobile":0,"ocean_menu_typo_font_size_unit":"px","ocean_menu_typo_font_weight":"","ocean_menu_typo_font_weight_tablet":"","ocean_menu_typo_font_weight_mobile":"","ocean_menu_typo_transform":"","ocean_menu_typo_transform_tablet":"","ocean_menu_typo_transform_mobile":"","ocean_menu_typo_line_height":0,"ocean_menu_typo_line_height_tablet":0,"ocean_menu_typo_line_height_mobile":0,"ocean_menu_typo_line_height_unit":"","ocean_menu_typo_spacing":0,"ocean_menu_typo_spacing_tablet":0,"ocean_menu_typo_spacing_mobile":0,"ocean_menu_typo_spacing_unit":"","ocean_menu_link_color":"","ocean_menu_link_color_hover":"","ocean_menu_link_color_active":"","ocean_menu_link_background":"","ocean_menu_link_hover_background":"","ocean_menu_link_active_background":"","ocean_menu_social_links_bg":"","ocean_menu_social_hover_links_bg":"","ocean_menu_social_links_color":"","ocean_menu_social_hover_links_color":"","ocean_disable_title":"on","ocean_disable_heading":"default","ocean_post_title":"","ocean_post_subheading":"","ocean_post_title_style":"","ocean_post_title_background_color":"","ocean_post_title_background":0,"ocean_post_title_bg_image_position":"","ocean_post_title_bg_image_attachment":"","ocean_post_title_bg_image_repeat":"","ocean_post_title_bg_image_size":"","ocean_post_title_height":0,"ocean_post_title_bg_overlay":0.5,"ocean_post_title_bg_overlay_color":"","ocean_disable_breadcrumbs":"default","ocean_breadcrumbs_color":"","ocean_breadcrumbs_separator_color":"","ocean_breadcrumbs_links_color":"","ocean_breadcrumbs_links_hover_color":"","ocean_display_footer_widgets":"off","ocean_display_footer_bottom":"off","ocean_custom_footer_template":"","footnotes":""},"_links":{"self":[{"href":"https:\/\/kdr-dev.coldlake.de\/index.php\/wp-json\/wp\/v2\/pages\/227"}],"collection":[{"href":"https:\/\/kdr-dev.coldlake.de\/index.php\/wp-json\/wp\/v2\/pages"}],"about":[{"href":"https:\/\/kdr-dev.coldlake.de\/index.php\/wp-json\/wp\/v2\/types\/page"}],"author":[{"embeddable":true,"href":"https:\/\/kdr-dev.coldlake.de\/index.php\/wp-json\/wp\/v2\/users\/3"}],"replies":[{"embeddable":true,"href":"https:\/\/kdr-dev.coldlake.de\/index.php\/wp-json\/wp\/v2\/comments?post=227"}],"version-history":[{"count":13,"href":"https:\/\/kdr-dev.coldlake.de\/index.php\/wp-json\/wp\/v2\/pages\/227\/revisions"}],"predecessor-version":[{"id":524,"href":"https:\/\/kdr-dev.coldlake.de\/index.php\/wp-json\/wp\/v2\/pages\/227\/revisions\/524"}],"wp:attachment":[{"href":"https:\/\/kdr-dev.coldlake.de\/index.php\/wp-json\/wp\/v2\/media?parent=227"}],"curies":[{"name":"wp","href":"https:\/\/api.w.org\/{rel}","templated":true}]}}