{"id":215,"date":"2023-10-25T13:54:41","date_gmt":"2023-10-25T11:54:41","guid":{"rendered":"https:\/\/kdr-dev.coldlake.de\/?page_id=215"},"modified":"2024-04-20T17:53:40","modified_gmt":"2024-04-20T15:53:40","slug":"jugendordnung","status":"publish","type":"page","link":"https:\/\/kdr-dev.coldlake.de\/index.php\/jugendordnung\/","title":{"rendered":"Jugendordnung"},"content":{"rendered":"\t\t<div data-elementor-type=\"wp-page\" data-elementor-id=\"215\" class=\"elementor elementor-215\">\n\t\t\t\t\t\t<section class=\"elementor-section elementor-top-section elementor-element elementor-element-61b806d2 elementor-section-content-middle envato-kit-141-top-0 elementor-section-boxed elementor-section-height-default elementor-section-height-default\" data-id=\"61b806d2\" data-element_type=\"section\" data-settings=\"{&quot;background_background&quot;:&quot;classic&quot;}\">\n\t\t\t\t\t\t\t<div class=\"elementor-background-overlay\"><\/div>\n\t\t\t\t\t\t\t<div class=\"elementor-container elementor-column-gap-wide\">\n\t\t\t\t\t<div class=\"elementor-column elementor-col-100 elementor-top-column elementor-element elementor-element-b7d2332\" data-id=\"b7d2332\" data-element_type=\"column\">\n\t\t\t<div class=\"elementor-widget-wrap elementor-element-populated\">\n\t\t\t\t\t\t<div class=\"elementor-element elementor-element-430a284e elementor-invisible elementor-widget elementor-widget-heading\" data-id=\"430a284e\" data-element_type=\"widget\" data-settings=\"{&quot;_animation&quot;:&quot;fadeIn&quot;,&quot;_animation_delay&quot;:100}\" data-widget_type=\"heading.default\">\n\t\t\t\t<div class=\"elementor-widget-container\">\n\t\t\t<style>\/*! elementor - v3.20.0 - 26-03-2024 *\/\n.elementor-heading-title{padding:0;margin:0;line-height:1}.elementor-widget-heading .elementor-heading-title[class*=elementor-size-]>a{color:inherit;font-size:inherit;line-height:inherit}.elementor-widget-heading .elementor-heading-title.elementor-size-small{font-size:15px}.elementor-widget-heading .elementor-heading-title.elementor-size-medium{font-size:19px}.elementor-widget-heading .elementor-heading-title.elementor-size-large{font-size:29px}.elementor-widget-heading .elementor-heading-title.elementor-size-xl{font-size:39px}.elementor-widget-heading .elementor-heading-title.elementor-size-xxl{font-size:59px}<\/style><h2 class=\"elementor-heading-title elementor-size-default\">Jugendordnung<\/h2>\t\t<\/div>\n\t\t\t\t<\/div>\n\t\t\t\t<section class=\"elementor-section elementor-inner-section elementor-element elementor-element-7a47076d elementor-section-boxed elementor-section-height-default elementor-section-height-default\" data-id=\"7a47076d\" data-element_type=\"section\">\n\t\t\t\t\t\t<div class=\"elementor-container elementor-column-gap-no\">\n\t\t\t\t\t<div class=\"elementor-column elementor-col-100 elementor-inner-column elementor-element elementor-element-4785c8d\" data-id=\"4785c8d\" data-element_type=\"column\">\n\t\t\t<div class=\"elementor-widget-wrap elementor-element-populated\">\n\t\t\t\t\t\t<div class=\"elementor-element elementor-element-c663916 elementor-widget elementor-widget-spacer\" data-id=\"c663916\" data-element_type=\"widget\" data-widget_type=\"spacer.default\">\n\t\t\t\t<div class=\"elementor-widget-container\">\n\t\t\t<style>\/*! elementor - v3.20.0 - 26-03-2024 *\/\n.elementor-column .elementor-spacer-inner{height:var(--spacer-size)}.e-con{--container-widget-width:100%}.e-con-inner>.elementor-widget-spacer,.e-con>.elementor-widget-spacer{width:var(--container-widget-width,var(--spacer-size));--align-self:var(--container-widget-align-self,initial);--flex-shrink:0}.e-con-inner>.elementor-widget-spacer>.elementor-widget-container,.e-con>.elementor-widget-spacer>.elementor-widget-container{height:100%;width:100%}.e-con-inner>.elementor-widget-spacer>.elementor-widget-container>.elementor-spacer,.e-con>.elementor-widget-spacer>.elementor-widget-container>.elementor-spacer{height:100%}.e-con-inner>.elementor-widget-spacer>.elementor-widget-container>.elementor-spacer>.elementor-spacer-inner,.e-con>.elementor-widget-spacer>.elementor-widget-container>.elementor-spacer>.elementor-spacer-inner{height:var(--container-widget-height,var(--spacer-size))}.e-con-inner>.elementor-widget-spacer.elementor-widget-empty,.e-con>.elementor-widget-spacer.elementor-widget-empty{position:relative;min-height:22px;min-width:22px}.e-con-inner>.elementor-widget-spacer.elementor-widget-empty .elementor-widget-empty-icon,.e-con>.elementor-widget-spacer.elementor-widget-empty .elementor-widget-empty-icon{position:absolute;top:0;bottom:0;left:0;right:0;margin:auto;padding:0;width:22px;height:22px}<\/style>\t\t<div class=\"elementor-spacer\">\n\t\t\t<div class=\"elementor-spacer-inner\"><\/div>\n\t\t<\/div>\n\t\t\t\t<\/div>\n\t\t\t\t<\/div>\n\t\t\t\t<div class=\"elementor-element elementor-element-9b3d261 elementor-widget elementor-widget-heading\" data-id=\"9b3d261\" data-element_type=\"widget\" data-widget_type=\"heading.default\">\n\t\t\t\t<div class=\"elementor-widget-container\">\n\t\t\t<h2 class=\"elementor-heading-title elementor-size-default\">\u00a7 01 Name und Mitgliedschaft<\/h2>\t\t<\/div>\n\t\t\t\t<\/div>\n\t\t\t\t<div class=\"elementor-element elementor-element-7cdcb580 elementor-widget elementor-widget-text-editor\" data-id=\"7cdcb580\" data-element_type=\"widget\" data-widget_type=\"text-editor.default\">\n\t\t\t\t<div class=\"elementor-widget-container\">\n\t\t\t<style>\/*! elementor - v3.20.0 - 26-03-2024 *\/\n.elementor-widget-text-editor.elementor-drop-cap-view-stacked .elementor-drop-cap{background-color:#69727d;color:#fff}.elementor-widget-text-editor.elementor-drop-cap-view-framed .elementor-drop-cap{color:#69727d;border:3px solid;background-color:transparent}.elementor-widget-text-editor:not(.elementor-drop-cap-view-default) .elementor-drop-cap{margin-top:8px}.elementor-widget-text-editor:not(.elementor-drop-cap-view-default) .elementor-drop-cap-letter{width:1em;height:1em}.elementor-widget-text-editor .elementor-drop-cap{float:left;text-align:center;line-height:1;font-size:50px}.elementor-widget-text-editor .elementor-drop-cap-letter{display:inline-block}<\/style>\t\t\t\t<p>(1) Mitglieder der Jugendabteilung des Karate-Dojo Rotenburg\/F. sind alle Personen bis zum vollendeten 27. Lebensjahres sowie die gew\u00e4hlten und berufenen Mitarbeiter\/innen der Jugendabteilung.<\/p>\t\t\t\t\t\t<\/div>\n\t\t\t\t<\/div>\n\t\t\t\t<div class=\"elementor-element elementor-element-a729123 elementor-widget elementor-widget-heading\" data-id=\"a729123\" data-element_type=\"widget\" data-widget_type=\"heading.default\">\n\t\t\t\t<div class=\"elementor-widget-container\">\n\t\t\t<h2 class=\"elementor-heading-title elementor-size-default\">\u00a7 02 Aufgaben<\/h2>\t\t<\/div>\n\t\t\t\t<\/div>\n\t\t\t\t<div class=\"elementor-element elementor-element-0e3a54b elementor-widget elementor-widget-text-editor\" data-id=\"0e3a54b\" data-element_type=\"widget\" data-widget_type=\"text-editor.default\">\n\t\t\t\t<div class=\"elementor-widget-container\">\n\t\t\t\t\t\t\t<p>(1) Die Jugendabteilung des Karate-Dojo Rotenburg\/F. f\u00fchrt und verwaltet sich selbst\u00e4ndig. Sie entscheidet \u00fcber die ihr zuflie\u00dfenden Mittel in eigener Zust\u00e4ndigkeit.<br \/>(2) Aufgabe der Jugendabteilung des Karate-Dojo Rotenburg\/F. ist unter Beachtung der Grunds\u00e4tze des freiheitlichen, demokratischen und sozialen Rechtsstaates die F\u00f6rderung der Jugend- und Nachwuchsarbeit im Karatesport durch erzieherische und pers\u00f6nlichkeitsbildende Werte in Aus- und Fortbildung, als Breiten- und Leistungssport (Wettkampfsport). Weiterhin geh\u00f6ren kulturelle Veranstaltungen zu den Aufgaben der Jugendabteilung.<\/p>\t\t\t\t\t\t<\/div>\n\t\t\t\t<\/div>\n\t\t\t\t<div class=\"elementor-element elementor-element-a1910f6 elementor-widget elementor-widget-heading\" data-id=\"a1910f6\" data-element_type=\"widget\" data-widget_type=\"heading.default\">\n\t\t\t\t<div class=\"elementor-widget-container\">\n\t\t\t<h2 class=\"elementor-heading-title elementor-size-default\">\u00a7 03 Organe<\/h2>\t\t<\/div>\n\t\t\t\t<\/div>\n\t\t\t\t<div class=\"elementor-element elementor-element-937bf3d elementor-widget elementor-widget-text-editor\" data-id=\"937bf3d\" data-element_type=\"widget\" data-widget_type=\"text-editor.default\">\n\t\t\t\t<div class=\"elementor-widget-container\">\n\t\t\t\t\t\t\t<p>(1) Organe der Vereinsjugend sind<br \/>&#8211; die Jugendvollversammlung<br \/>&#8211; der Jugendausschuss<\/p>\t\t\t\t\t\t<\/div>\n\t\t\t\t<\/div>\n\t\t\t\t<div class=\"elementor-element elementor-element-24e9317 elementor-widget elementor-widget-heading\" data-id=\"24e9317\" data-element_type=\"widget\" data-widget_type=\"heading.default\">\n\t\t\t\t<div class=\"elementor-widget-container\">\n\t\t\t<h2 class=\"elementor-heading-title elementor-size-default\">\u00a7 04 Die Jugendvollversammlung\n\n<\/h2>\t\t<\/div>\n\t\t\t\t<\/div>\n\t\t\t\t<div class=\"elementor-element elementor-element-e6b53cd elementor-widget elementor-widget-text-editor\" data-id=\"e6b53cd\" data-element_type=\"widget\" data-widget_type=\"text-editor.default\">\n\t\t\t\t<div class=\"elementor-widget-container\">\n\t\t\t\t\t\t\t<p>(1) Die Jugendvollversammlung ist das oberste Organ der Kinder und Jugendlichen im Verein. Sie setzt sich zusammen aus allen Personen bis zum vollendeten 27. Lebensjahres des Karate-Dojo Rotenburg\/F. und allen innerhalb des Jugendbereichs gew\u00e4hlten und berufenen Mitarbeiter\/innen. Sie ist ohne R\u00fccksicht auf die Erschienenen immer beschlu\u00dff\u00e4hig.<br \/>(2) Die ordentliche Jugendvollversammlung findet j\u00e4hrlich im ersten Viertel statt. Sie wird mindestens 14 Tage vorher durch Aushang im Vereinskasten (unter Angabe der Tagesordnung) bekanntgegeben.<br \/>(3) Eine au\u00dferordentliche Jugendvollversammlung mu\u00df einberufen werden, wenn ein Drittel der stimmberechtigten jugendlichen Mitglieder oder der Jugendausschu\u00df mit 2\/3-Mehrheit dies unter Angabe von Gr\u00fcnden und des Zweckes beantragen.<br \/>(4) Aufgaben der Jugendvollversammlung sind:<br \/>&#8211; Festlegung der Grunds\u00e4tze und Richtlinien f\u00fcr die Vereinsjugendarbeit und die Arbeit des Jugendausschusses<br \/>&#8211; Entgegennahme der Berichte und des Kassenabschlusses des Jugendausschusses<br \/>&#8211; Beratung und Beschlussfassung \u00fcber Angelegenheiten von grunds\u00e4tzlicher Bedeutung<br \/>&#8211; Entlastung und Wahl des Jugendausschusses<br \/>&#8211; Beratung und Beschlussfassung \u00fcber vorliegende Antr\u00e4ge an die Jugendvollversammlung<br \/>(5) Antr\u00e4ge an die Jugendvollversammlung m\u00fcssen schriftlich sp\u00e4testens 14 Tage vorher bei dem\/der Jugendwart\/in vorliegen.<br \/>(6) Bei allen Abstimmungen gen\u00fcgt die einfache Mehrheit der anwesenden Stimmberechtigten. Bei Minderj\u00e4hrigen umfasst die Einwilligung des gesetzlichen Vertreters zum Vereinsbeitritt auch die zur Stimmabgabe.<br \/>(7) Die Jugendvollversammlung wird beschlussunf\u00e4hig, wenn die H\u00e4lfte der nach der Anwesenheitsliste stimmberechtigten Teilnehmer nicht mehr anwesend ist. Voraussetzung ist aber, dass die Beschlussf\u00e4higkeit durch den Versammlungsleiter auf Antrag vorher festgestellt ist.<\/p>\t\t\t\t\t\t<\/div>\n\t\t\t\t<\/div>\n\t\t\t\t<div class=\"elementor-element elementor-element-648e900 elementor-widget elementor-widget-heading\" data-id=\"648e900\" data-element_type=\"widget\" data-widget_type=\"heading.default\">\n\t\t\t\t<div class=\"elementor-widget-container\">\n\t\t\t<h2 class=\"elementor-heading-title elementor-size-default\">\u00a7 05 Der Jugendausschuss<\/h2>\t\t<\/div>\n\t\t\t\t<\/div>\n\t\t\t\t<div class=\"elementor-element elementor-element-b162441 elementor-widget elementor-widget-text-editor\" data-id=\"b162441\" data-element_type=\"widget\" data-widget_type=\"text-editor.default\">\n\t\t\t\t<div class=\"elementor-widget-container\">\n\t\t\t\t\t\t\t<p>(1) Der Jugendausschuss ist zust\u00e4ndig f\u00fcr alle Jugendangelegenheiten des Vereins. Seine Aufgabe ist neben der Durchsetzung der von der Jugendvollversammlung beratenen und beschlossenen Vorhaben insbesondere die Vertretung der Vereinsjugendinteressen nach innen und au\u00dfen. Er entscheidet u.a. auch \u00fcber die Verwendung der der Jugendabteilung zuflie\u00dfenden Mittel im Rahmen der Beschl\u00fcsse der Jugendvollversammlung.<br \/>(2) Der Jugendausschuss besteht aus den folgenden 3 Personen:<br \/>a) dem Jugendwart\/der Jugendwartin als Vorsitzende(n)<br \/>b) dem\/der Jugendkassenwart \/Jugendkassenwartin<br \/>c) dem Jugendsprecher\/der Jugendsprecherin (mu\u00df zum Zeitpunkt der Wahl unter 18 Jahre alt sein)<br \/>(3) Die auf die Dauer von 3 Jahren gew\u00e4hlten Mitglieder m\u00fcssen nicht durch den Vorstand des Karate-Dojo Rotenburg\/F. best\u00e4tigt werden.<br \/>(4) Der\/die Jugendwart\/in hat Sitz und Stimme im Vorstand des Karate-Dojo Rotenburg\/F.<br \/>(5) In den Jugendausschu\u00df ist jedes Vereinsmitglied w\u00e4hlbar. Der Jugendausschuss bleibt bis zur Neuwahl im Amt.<br \/>(6) Der Jugendausschu\u00df ist in seinen Sitzungen beschlussf\u00e4hig, wenn mindestens 2\/3 seiner Mitglieder anwesend sind. Abstimmungen erfolgen mit einfacher Stimmenmehrheit. Sitzungen werden von dem\/der Jugendwart\/in einberufen und geleitet.<\/p>\t\t\t\t\t\t<\/div>\n\t\t\t\t<\/div>\n\t\t\t\t<div class=\"elementor-element elementor-element-83d37b4 elementor-widget elementor-widget-heading\" data-id=\"83d37b4\" data-element_type=\"widget\" data-widget_type=\"heading.default\">\n\t\t\t\t<div class=\"elementor-widget-container\">\n\t\t\t<h2 class=\"elementor-heading-title elementor-size-default\">\u00a7 06 Jugendordnungs\u00e4nderungen<\/h2>\t\t<\/div>\n\t\t\t\t<\/div>\n\t\t\t\t<div class=\"elementor-element elementor-element-eac6232 elementor-widget elementor-widget-text-editor\" data-id=\"eac6232\" data-element_type=\"widget\" data-widget_type=\"text-editor.default\">\n\t\t\t\t<div class=\"elementor-widget-container\">\n\t\t\t\t\t\t\t<p>(1) \u00c4nderungen der Jugendordnung k\u00f6nnen nur unter Ank\u00fcndigung von der ordentlichen Jugendvollversammlung oder einer speziell zu diesem Zwecke einberufenen au\u00dferordentlichen Jugendvollversammlung beschlossen werden. Sie bed\u00fcrfen der Zustimmung von mindestens 2\/3 der anwesenden Stimmberechtigten.<\/p>\t\t\t\t\t\t<\/div>\n\t\t\t\t<\/div>\n\t\t\t\t<div class=\"elementor-element elementor-element-dcceb71 elementor-widget elementor-widget-heading\" data-id=\"dcceb71\" data-element_type=\"widget\" data-widget_type=\"heading.default\">\n\t\t\t\t<div class=\"elementor-widget-container\">\n\t\t\t<h2 class=\"elementor-heading-title elementor-size-default\">\u00a7 07 Inkrafttreten<\/h2>\t\t<\/div>\n\t\t\t\t<\/div>\n\t\t\t\t<div class=\"elementor-element elementor-element-c326acf elementor-widget elementor-widget-text-editor\" data-id=\"c326acf\" data-element_type=\"widget\" data-widget_type=\"text-editor.default\">\n\t\t\t\t<div class=\"elementor-widget-container\">\n\t\t\t\t\t\t\t<p>Diese Jugendordnung wurde in der Jugendvollversammlung vom 01.07.1996 beschlossen. Die Jugendordnung ist Bestandteil der Satzung. Sie tritt mit der Eintragung in das Vereinsregister in Kraft.<\/p><p>Rotenburg\/F., 01. Juli 1996<br \/>Die Jugendordnung wird einstimmig angenommen:<\/p>\t\t\t\t\t\t<\/div>\n\t\t\t\t<\/div>\n\t\t\t\t<div class=\"elementor-element elementor-element-84a61c3 elementor-widget elementor-widget-text-editor\" data-id=\"84a61c3\" data-element_type=\"widget\" data-widget_type=\"text-editor.default\">\n\t\t\t\t<div class=\"elementor-widget-container\">\n\t\t\t\t\t\t\t<table border=\"0\"><tbody><tr><td width=\"200\">gez. <br \/>Volker Sandrock<\/td><td width=\"200\">gez. <br \/>Ullrich Seese<\/td><\/tr><tr><td>gez. <br \/>Nicole Schmidt<\/td><td>gez. <br \/>Mike Heller<\/td><\/tr><tr><td>gez. <br \/>Robert Schrickel<\/td><td>gez. <br \/>Achim Koch<\/td><\/tr><tr><td>gez. <br \/>Manfred Wittwer<\/td><td>gez. <br \/>Alexandra Durczak<\/td><\/tr><tr><td>gez. <br \/>Harald Rohde<\/td><td>gez. <br \/>Marcus Fleischhut<\/td><\/tr><\/tbody><\/table>\t\t\t\t\t\t<\/div>\n\t\t\t\t<\/div>\n\t\t\t\t\t<\/div>\n\t\t<\/div>\n\t\t\t\t\t<\/div>\n\t\t<\/section>\n\t\t\t\t\t<\/div>\n\t\t<\/div>\n\t\t\t\t\t<\/div>\n\t\t<\/section>\n\t\t\t\t<\/div>\n\t\t","protected":false},"excerpt":{"rendered":"<p>Jugendordnung \u00a7 01 Name und Mitgliedschaft (1) Mitglieder der Jugendabteilung des Karate-Dojo Rotenburg\/F. sind alle Personen bis zum vollendeten 27. Lebensjahres sowie die gew\u00e4hlten und berufenen Mitarbeiter\/innen der Jugendabteilung. \u00a7 [&hellip;]<\/p>\n","protected":false},"author":3,"featured_media":0,"parent":0,"menu_order":0,"comment_status":"closed","ping_status":"closed","template":"","meta":{"_eb_attr":"","ocean_post_layout":"full-screen","ocean_both_sidebars_style":"","ocean_both_sidebars_content_width":0,"ocean_both_sidebars_sidebars_width":0,"ocean_sidebar":"","ocean_second_sidebar":"","ocean_disable_margins":"enable","ocean_add_body_class":"","ocean_shortcode_before_top_bar":"","ocean_shortcode_after_top_bar":"","ocean_shortcode_before_header":"","ocean_shortcode_after_header":"","ocean_has_shortcode":"","ocean_shortcode_after_title":"","ocean_shortcode_before_footer_widgets":"","ocean_shortcode_after_footer_widgets":"","ocean_shortcode_before_footer_bottom":"","ocean_shortcode_after_footer_bottom":"","ocean_display_top_bar":"off","ocean_display_header":"default","ocean_header_style":"","ocean_center_header_left_menu":"","ocean_custom_header_template":"","ocean_custom_logo":0,"ocean_custom_retina_logo":0,"ocean_custom_logo_max_width":0,"ocean_custom_logo_tablet_max_width":0,"ocean_custom_logo_mobile_max_width":0,"ocean_custom_logo_max_height":0,"ocean_custom_logo_tablet_max_height":0,"ocean_custom_logo_mobile_max_height":0,"ocean_header_custom_menu":"","ocean_menu_typo_font_family":"","ocean_menu_typo_font_subset":"","ocean_menu_typo_font_size":0,"ocean_menu_typo_font_size_tablet":0,"ocean_menu_typo_font_size_mobile":0,"ocean_menu_typo_font_size_unit":"px","ocean_menu_typo_font_weight":"","ocean_menu_typo_font_weight_tablet":"","ocean_menu_typo_font_weight_mobile":"","ocean_menu_typo_transform":"","ocean_menu_typo_transform_tablet":"","ocean_menu_typo_transform_mobile":"","ocean_menu_typo_line_height":0,"ocean_menu_typo_line_height_tablet":0,"ocean_menu_typo_line_height_mobile":0,"ocean_menu_typo_line_height_unit":"","ocean_menu_typo_spacing":0,"ocean_menu_typo_spacing_tablet":0,"ocean_menu_typo_spacing_mobile":0,"ocean_menu_typo_spacing_unit":"","ocean_menu_link_color":"","ocean_menu_link_color_hover":"","ocean_menu_link_color_active":"","ocean_menu_link_background":"","ocean_menu_link_hover_background":"","ocean_menu_link_active_background":"","ocean_menu_social_links_bg":"","ocean_menu_social_hover_links_bg":"","ocean_menu_social_links_color":"","ocean_menu_social_hover_links_color":"","ocean_disable_title":"on","ocean_disable_heading":"default","ocean_post_title":"","ocean_post_subheading":"","ocean_post_title_style":"","ocean_post_title_background_color":"","ocean_post_title_background":0,"ocean_post_title_bg_image_position":"","ocean_post_title_bg_image_attachment":"","ocean_post_title_bg_image_repeat":"","ocean_post_title_bg_image_size":"","ocean_post_title_height":0,"ocean_post_title_bg_overlay":0.5,"ocean_post_title_bg_overlay_color":"","ocean_disable_breadcrumbs":"default","ocean_breadcrumbs_color":"","ocean_breadcrumbs_separator_color":"","ocean_breadcrumbs_links_color":"","ocean_breadcrumbs_links_hover_color":"","ocean_display_footer_widgets":"off","ocean_display_footer_bottom":"off","ocean_custom_footer_template":"","footnotes":""},"_links":{"self":[{"href":"https:\/\/kdr-dev.coldlake.de\/index.php\/wp-json\/wp\/v2\/pages\/215"}],"collection":[{"href":"https:\/\/kdr-dev.coldlake.de\/index.php\/wp-json\/wp\/v2\/pages"}],"about":[{"href":"https:\/\/kdr-dev.coldlake.de\/index.php\/wp-json\/wp\/v2\/types\/page"}],"author":[{"embeddable":true,"href":"https:\/\/kdr-dev.coldlake.de\/index.php\/wp-json\/wp\/v2\/users\/3"}],"replies":[{"embeddable":true,"href":"https:\/\/kdr-dev.coldlake.de\/index.php\/wp-json\/wp\/v2\/comments?post=215"}],"version-history":[{"count":43,"href":"https:\/\/kdr-dev.coldlake.de\/index.php\/wp-json\/wp\/v2\/pages\/215\/revisions"}],"predecessor-version":[{"id":1024,"href":"https:\/\/kdr-dev.coldlake.de\/index.php\/wp-json\/wp\/v2\/pages\/215\/revisions\/1024"}],"wp:attachment":[{"href":"https:\/\/kdr-dev.coldlake.de\/index.php\/wp-json\/wp\/v2\/media?parent=215"}],"curies":[{"name":"wp","href":"https:\/\/api.w.org\/{rel}","templated":true}]}}